{"id":1963,"date":"2022-02-26T12:40:18","date_gmt":"2022-02-26T20:40:18","guid":{"rendered":"https:\/\/blog.squarefairy.com\/?page_id=1963"},"modified":"2022-02-26T12:40:19","modified_gmt":"2022-02-26T20:40:19","slug":"income-and-expenses-to-include-for-child-support-calculations-in-california","status":"publish","type":"page","link":"https:\/\/blog.squarefairy.com\/es\/faq\/california\/income-and-expenses-to-include-for-child-support-calculations-in-california\/","title":{"rendered":"Ingresos y gastos para incluir en los c\u00e1lculos de manutenci\u00f3n infantil en California"},"content":{"rendered":"<p>Mientras puedas <em><strong>estimar<\/strong><\/em> Child Support con solo mirar su tal\u00f3n de pago y ver lo que trae a casa, cuando usa el <a href=\"https:\/\/childsupport.ca.gov\/guideline-calculator\/\">calculadora oficial del estado de California<\/a>, le pedir\u00e1 informaci\u00f3n adicional para determinar un n\u00famero m\u00e1s exacto. Los tribunales tambi\u00e9n pueden pedirle un informe \"Dissomaster\", que es similar a la calculadora estatal y se ejecuta en el software Dissomaster disponible en el juzgado.<\/p>\n\n\n\n<h2 class=\"wp-block-heading\" id=\"h-net-income\">Lngresos netos<\/h2>\n\n\n\n<p>Ingresos netos = Ingresos \u2013 Gastos (como se describe a continuaci\u00f3n)<\/p>\n\n\n\n<h2 class=\"wp-block-heading\" id=\"h-income\">Ingreso<\/h2>\n\n\n\n<ul class=\"wp-block-list\"><li>Salario o pago por hora<\/li><li>Ingresos de trabajo por cuenta propia<\/li><li>Compensacion por desempleo<\/li><li>Discapacidad (imponible)<\/li><li>Ingresos del Seguro Social (Imponibles)<\/li><li>Otros Ingresos (Jubilaci\u00f3n, Anualidad, SS Otra Relaci\u00f3n, P\u00e9rdidas Operativas, etc.)<\/li><li>Plusval\u00edas de corto plazo<\/li><li>Plusval\u00edas a Largo Plazo<\/li><li>L\u00ednea 4e del Formulario 4952 del IRS<\/li><li>Ganancia de la Secci\u00f3n 1250 no recuperada<\/li><li>Dividendos No Cualificados<\/li><li>Dividendos Cualificados<\/li><li>Intereses Recibidos<\/li><li>Regal\u00edas<\/li><li>Renta de Alquiler<\/li><\/ul>\n\n\n\n<p>Si esta persona se ha vuelto a casar, tambi\u00e9n debe incluir los elementos de ingresos del nuevo c\u00f3nyuge.<\/p>\n\n\n\n<h2 class=\"wp-block-heading\" id=\"h-expenses\">Gastos<\/h2>\n\n\n\n<ul class=\"wp-block-list\"><li>Impuestos estatales sobre la renta<\/li><li>Seguro Estatal de Discapacidad (SDI)<\/li><li>Impuestos federales sobre la renta<\/li><li>Manutenci\u00f3n infantil pagada (de otras relaciones)<\/li><li>Cuotas sindicales obligatorias<\/li><\/ul>\n\n\n\n<p><\/p>","protected":false},"excerpt":{"rendered":"<p>While you can estimate Child Support by just looking at your pay-stub, and seeing what you bring home, when you use the official California state calculator, it will ask for additional information to determine&#46;&#46;&#46;<\/p>","protected":false},"author":8,"featured_media":1960,"parent":1211,"menu_order":0,"comment_status":"closed","ping_status":"closed","template":"","meta":{"_monsterinsights_skip_tracking":false,"_monsterinsights_sitenote_active":false,"_monsterinsights_sitenote_note":"","_monsterinsights_sitenote_category":0,"footnotes":""},"class_list":["post-1963","page","type-page","status-publish","has-post-thumbnail","hentry"],"yoast_head":"<!-- This site is optimized with the Yoast SEO Premium plugin v27.3 (Yoast SEO v27.4) - https:\/\/yoast.com\/product\/yoast-seo-premium-wordpress\/ -->\n<title>Income and Expenses to Include for Child Support Calculations in California - SquareFairy Blog<\/title>\n<meta name=\"description\" content=\"Which income and expenses should you include when calculating child support in California.\" \/>\n<meta name=\"robots\" content=\"index, follow, max-snippet:-1, max-image-preview:large, max-video-preview:-1\" \/>\n<link rel=\"canonical\" href=\"https:\/\/blog.squarefairy.com\/es\/faq\/california\/income-and-expenses-to-include-for-child-support-calculations-in-california\/\" \/>\n<meta property=\"og:locale\" content=\"es_ES\" \/>\n<meta property=\"og:type\" content=\"article\" \/>\n<meta property=\"og:title\" content=\"Income and Expenses to Include for Child Support Calculations in California\" \/>\n<meta property=\"og:description\" content=\"Which income and expenses should you include when calculating child support in California.\" \/>\n<meta property=\"og:url\" content=\"https:\/\/blog.squarefairy.com\/es\/faq\/california\/income-and-expenses-to-include-for-child-support-calculations-in-california\/\" \/>\n<meta property=\"og:site_name\" content=\"SquareFairy Blog\" \/>\n<meta property=\"article:publisher\" content=\"https:\/\/www.facebook.com\/SquareFairy\" \/>\n<meta property=\"article:modified_time\" content=\"2022-02-26T20:40:19+00:00\" \/>\n<meta property=\"og:image\" content=\"https:\/\/blog.squarefairy.com\/wp-content\/uploads\/2022\/02\/Children-1280x1000-1.png\" \/>\n\t<meta property=\"og:image:width\" content=\"1280\" \/>\n\t<meta property=\"og:image:height\" content=\"1040\" \/>\n\t<meta property=\"og:image:type\" content=\"image\/png\" \/>\n<meta name=\"twitter:card\" content=\"summary_large_image\" \/>\n<meta name=\"twitter:site\" content=\"@SquareFairy\" \/>\n<meta name=\"twitter:label1\" content=\"Tiempo de lectura\" \/>\n\t<meta name=\"twitter:data1\" content=\"1 minuto\" \/>\n<script type=\"application\/ld+json\" class=\"yoast-schema-graph\">{\"@context\":\"https:\\\/\\\/schema.org\",\"@graph\":[{\"@type\":\"WebPage\",\"@id\":\"https:\\\/\\\/blog.squarefairy.com\\\/faq\\\/california\\\/income-and-expenses-to-include-for-child-support-calculations-in-california\\\/\",\"url\":\"https:\\\/\\\/blog.squarefairy.com\\\/faq\\\/california\\\/income-and-expenses-to-include-for-child-support-calculations-in-california\\\/\",\"name\":\"Income and Expenses to Include for Child Support Calculations in California - SquareFairy Blog\",\"isPartOf\":{\"@id\":\"https:\\\/\\\/blog.squarefairy.com\\\/#website\"},\"primaryImageOfPage\":{\"@id\":\"https:\\\/\\\/blog.squarefairy.com\\\/faq\\\/california\\\/income-and-expenses-to-include-for-child-support-calculations-in-california\\\/#primaryimage\"},\"image\":{\"@id\":\"https:\\\/\\\/blog.squarefairy.com\\\/faq\\\/california\\\/income-and-expenses-to-include-for-child-support-calculations-in-california\\\/#primaryimage\"},\"thumbnailUrl\":\"https:\\\/\\\/blog.squarefairy.com\\\/wp-content\\\/uploads\\\/2022\\\/02\\\/Children-1280x1000-1.png\",\"datePublished\":\"2022-02-26T20:40:18+00:00\",\"dateModified\":\"2022-02-26T20:40:19+00:00\",\"description\":\"Which income and expenses should you include when calculating child support in California.\",\"breadcrumb\":{\"@id\":\"https:\\\/\\\/blog.squarefairy.com\\\/faq\\\/california\\\/income-and-expenses-to-include-for-child-support-calculations-in-california\\\/#breadcrumb\"},\"inLanguage\":\"es\",\"potentialAction\":[{\"@type\":\"ReadAction\",\"target\":[\"https:\\\/\\\/blog.squarefairy.com\\\/faq\\\/california\\\/income-and-expenses-to-include-for-child-support-calculations-in-california\\\/\"]}]},{\"@type\":\"ImageObject\",\"inLanguage\":\"es\",\"@id\":\"https:\\\/\\\/blog.squarefairy.com\\\/faq\\\/california\\\/income-and-expenses-to-include-for-child-support-calculations-in-california\\\/#primaryimage\",\"url\":\"https:\\\/\\\/blog.squarefairy.com\\\/wp-content\\\/uploads\\\/2022\\\/02\\\/Children-1280x1000-1.png\",\"contentUrl\":\"https:\\\/\\\/blog.squarefairy.com\\\/wp-content\\\/uploads\\\/2022\\\/02\\\/Children-1280x1000-1.png\",\"width\":1280,\"height\":1040,\"caption\":\"Children\"},{\"@type\":\"BreadcrumbList\",\"@id\":\"https:\\\/\\\/blog.squarefairy.com\\\/faq\\\/california\\\/income-and-expenses-to-include-for-child-support-calculations-in-california\\\/#breadcrumb\",\"itemListElement\":[{\"@type\":\"ListItem\",\"position\":1,\"name\":\"SquareFairy Blog Home\",\"item\":\"https:\\\/\\\/blog.squarefairy.com\\\/\"},{\"@type\":\"ListItem\",\"position\":2,\"name\":\"Frequently Asked Questions\",\"item\":\"https:\\\/\\\/blog.squarefairy.com\\\/faq\\\/\"},{\"@type\":\"ListItem\",\"position\":3,\"name\":\"California\",\"item\":\"https:\\\/\\\/blog.squarefairy.com\\\/faq\\\/california\\\/\"},{\"@type\":\"ListItem\",\"position\":4,\"name\":\"Income and Expenses to Include for Child Support Calculations in California\"}]},{\"@type\":\"WebSite\",\"@id\":\"https:\\\/\\\/blog.squarefairy.com\\\/#website\",\"url\":\"https:\\\/\\\/blog.squarefairy.com\\\/\",\"name\":\"SquareFairy Blog\",\"description\":\"\",\"publisher\":{\"@id\":\"https:\\\/\\\/blog.squarefairy.com\\\/#organization\"},\"potentialAction\":[{\"@type\":\"SearchAction\",\"target\":{\"@type\":\"EntryPoint\",\"urlTemplate\":\"https:\\\/\\\/blog.squarefairy.com\\\/?s={search_term_string}\"},\"query-input\":{\"@type\":\"PropertyValueSpecification\",\"valueRequired\":true,\"valueName\":\"search_term_string\"}}],\"inLanguage\":\"es\"},{\"@type\":\"Organization\",\"@id\":\"https:\\\/\\\/blog.squarefairy.com\\\/#organization\",\"name\":\"SquareFairy\",\"url\":\"https:\\\/\\\/blog.squarefairy.com\\\/\",\"logo\":{\"@type\":\"ImageObject\",\"inLanguage\":\"es\",\"@id\":\"https:\\\/\\\/blog.squarefairy.com\\\/#\\\/schema\\\/logo\\\/image\\\/\",\"url\":\"https:\\\/\\\/blog.squarefairy.com\\\/wp-content\\\/uploads\\\/2020\\\/12\\\/logo_SquareFairy.png\",\"contentUrl\":\"https:\\\/\\\/blog.squarefairy.com\\\/wp-content\\\/uploads\\\/2020\\\/12\\\/logo_SquareFairy.png\",\"width\":1000,\"height\":300,\"caption\":\"SquareFairy\"},\"image\":{\"@id\":\"https:\\\/\\\/blog.squarefairy.com\\\/#\\\/schema\\\/logo\\\/image\\\/\"},\"sameAs\":[\"https:\\\/\\\/www.facebook.com\\\/SquareFairy\",\"https:\\\/\\\/x.com\\\/SquareFairy\"]}]}<\/script>\n<!-- \/ Yoast SEO Premium plugin. -->","yoast_head_json":{"title":"Income and Expenses to Include for Child Support Calculations in California - SquareFairy Blog","description":"Which income and expenses should you include when calculating child support in California.","robots":{"index":"index","follow":"follow","max-snippet":"max-snippet:-1","max-image-preview":"max-image-preview:large","max-video-preview":"max-video-preview:-1"},"canonical":"https:\/\/blog.squarefairy.com\/es\/faq\/california\/income-and-expenses-to-include-for-child-support-calculations-in-california\/","og_locale":"es_ES","og_type":"article","og_title":"Income and Expenses to Include for Child Support Calculations in California","og_description":"Which income and expenses should you include when calculating child support in California.","og_url":"https:\/\/blog.squarefairy.com\/es\/faq\/california\/income-and-expenses-to-include-for-child-support-calculations-in-california\/","og_site_name":"SquareFairy Blog","article_publisher":"https:\/\/www.facebook.com\/SquareFairy","article_modified_time":"2022-02-26T20:40:19+00:00","og_image":[{"width":1280,"height":1040,"url":"https:\/\/blog.squarefairy.com\/wp-content\/uploads\/2022\/02\/Children-1280x1000-1.png","type":"image\/png"}],"twitter_card":"summary_large_image","twitter_site":"@SquareFairy","twitter_misc":{"Tiempo de lectura":"1 minuto"},"schema":{"@context":"https:\/\/schema.org","@graph":[{"@type":"WebPage","@id":"https:\/\/blog.squarefairy.com\/faq\/california\/income-and-expenses-to-include-for-child-support-calculations-in-california\/","url":"https:\/\/blog.squarefairy.com\/faq\/california\/income-and-expenses-to-include-for-child-support-calculations-in-california\/","name":"Income and Expenses to Include for Child Support Calculations in California - SquareFairy Blog","isPartOf":{"@id":"https:\/\/blog.squarefairy.com\/#website"},"primaryImageOfPage":{"@id":"https:\/\/blog.squarefairy.com\/faq\/california\/income-and-expenses-to-include-for-child-support-calculations-in-california\/#primaryimage"},"image":{"@id":"https:\/\/blog.squarefairy.com\/faq\/california\/income-and-expenses-to-include-for-child-support-calculations-in-california\/#primaryimage"},"thumbnailUrl":"https:\/\/blog.squarefairy.com\/wp-content\/uploads\/2022\/02\/Children-1280x1000-1.png","datePublished":"2022-02-26T20:40:18+00:00","dateModified":"2022-02-26T20:40:19+00:00","description":"Which income and expenses should you include when calculating child support in California.","breadcrumb":{"@id":"https:\/\/blog.squarefairy.com\/faq\/california\/income-and-expenses-to-include-for-child-support-calculations-in-california\/#breadcrumb"},"inLanguage":"es","potentialAction":[{"@type":"ReadAction","target":["https:\/\/blog.squarefairy.com\/faq\/california\/income-and-expenses-to-include-for-child-support-calculations-in-california\/"]}]},{"@type":"ImageObject","inLanguage":"es","@id":"https:\/\/blog.squarefairy.com\/faq\/california\/income-and-expenses-to-include-for-child-support-calculations-in-california\/#primaryimage","url":"https:\/\/blog.squarefairy.com\/wp-content\/uploads\/2022\/02\/Children-1280x1000-1.png","contentUrl":"https:\/\/blog.squarefairy.com\/wp-content\/uploads\/2022\/02\/Children-1280x1000-1.png","width":1280,"height":1040,"caption":"Children"},{"@type":"BreadcrumbList","@id":"https:\/\/blog.squarefairy.com\/faq\/california\/income-and-expenses-to-include-for-child-support-calculations-in-california\/#breadcrumb","itemListElement":[{"@type":"ListItem","position":1,"name":"SquareFairy Blog Home","item":"https:\/\/blog.squarefairy.com\/"},{"@type":"ListItem","position":2,"name":"Frequently Asked Questions","item":"https:\/\/blog.squarefairy.com\/faq\/"},{"@type":"ListItem","position":3,"name":"California","item":"https:\/\/blog.squarefairy.com\/faq\/california\/"},{"@type":"ListItem","position":4,"name":"Income and Expenses to Include for Child Support Calculations in California"}]},{"@type":"WebSite","@id":"https:\/\/blog.squarefairy.com\/#website","url":"https:\/\/blog.squarefairy.com\/","name":"SquareFairy Blog","description":"","publisher":{"@id":"https:\/\/blog.squarefairy.com\/#organization"},"potentialAction":[{"@type":"SearchAction","target":{"@type":"EntryPoint","urlTemplate":"https:\/\/blog.squarefairy.com\/?s={search_term_string}"},"query-input":{"@type":"PropertyValueSpecification","valueRequired":true,"valueName":"search_term_string"}}],"inLanguage":"es"},{"@type":"Organization","@id":"https:\/\/blog.squarefairy.com\/#organization","name":"SquareFairy","url":"https:\/\/blog.squarefairy.com\/","logo":{"@type":"ImageObject","inLanguage":"es","@id":"https:\/\/blog.squarefairy.com\/#\/schema\/logo\/image\/","url":"https:\/\/blog.squarefairy.com\/wp-content\/uploads\/2020\/12\/logo_SquareFairy.png","contentUrl":"https:\/\/blog.squarefairy.com\/wp-content\/uploads\/2020\/12\/logo_SquareFairy.png","width":1000,"height":300,"caption":"SquareFairy"},"image":{"@id":"https:\/\/blog.squarefairy.com\/#\/schema\/logo\/image\/"},"sameAs":["https:\/\/www.facebook.com\/SquareFairy","https:\/\/x.com\/SquareFairy"]}]}},"_links":{"self":[{"href":"https:\/\/blog.squarefairy.com\/es\/wp-json\/wp\/v2\/pages\/1963","targetHints":{"allow":["GET"]}}],"collection":[{"href":"https:\/\/blog.squarefairy.com\/es\/wp-json\/wp\/v2\/pages"}],"about":[{"href":"https:\/\/blog.squarefairy.com\/es\/wp-json\/wp\/v2\/types\/page"}],"author":[{"embeddable":true,"href":"https:\/\/blog.squarefairy.com\/es\/wp-json\/wp\/v2\/users\/8"}],"replies":[{"embeddable":true,"href":"https:\/\/blog.squarefairy.com\/es\/wp-json\/wp\/v2\/comments?post=1963"}],"version-history":[{"count":1,"href":"https:\/\/blog.squarefairy.com\/es\/wp-json\/wp\/v2\/pages\/1963\/revisions"}],"predecessor-version":[{"id":1964,"href":"https:\/\/blog.squarefairy.com\/es\/wp-json\/wp\/v2\/pages\/1963\/revisions\/1964"}],"up":[{"embeddable":true,"href":"https:\/\/blog.squarefairy.com\/es\/wp-json\/wp\/v2\/pages\/1211"}],"wp:featuredmedia":[{"embeddable":true,"href":"https:\/\/blog.squarefairy.com\/es\/wp-json\/wp\/v2\/media\/1960"}],"wp:attachment":[{"href":"https:\/\/blog.squarefairy.com\/es\/wp-json\/wp\/v2\/media?parent=1963"}],"curies":[{"name":"wp","href":"https:\/\/api.w.org\/{rel}","templated":true}]}}