{"id":1204,"date":"2021-08-23T11:54:34","date_gmt":"2021-08-23T18:54:34","guid":{"rendered":"https:\/\/blog.squarefairy.com\/?page_id=1204"},"modified":"2025-07-31T08:28:08","modified_gmt":"2025-07-31T15:28:08","slug":"faq","status":"publish","type":"page","link":"https:\/\/blog.squarefairy.com\/es\/faq\/","title":{"rendered":"Frequently Asked Questions"},"content":{"rendered":"<p>(<a href=\"https:\/\/blog.squarefairy.com\/es\/faq\/\">Preguntas frecuentes en espa\u00f1ol<\/a>)<\/p>\n\n\n\n<h3 class=\"wp-block-heading\" id=\"h-squarefairy\">SquareFairy<\/h3>\n\n\n\n<ul class=\"wp-block-list\">\n<li>Is it free? It was through the end of 2024. In 2025 we began charging $19, and increased the price to $89 in July 2025, and anyone who signed up before we started charging received 6 months free to finish their paperwork and property split. After that, they can pay for an additional 6 months if they continue to need to work on their paperwork or property split.\n<ul class=\"wp-block-list\">\n<li>Tu Condado puede cobrar un cargo por tramitar el divorcio, aunque algunas cortes tienen opciones para evitar esos cargos dentro de ciertas circunstancias. Vea su estado debajo para mas detalles.<\/li>\n\n\n\n<li>The 6-month plan includes our unique <a href=\"https:\/\/squarefairy.com\/es\/divorce-property-split\">SplitFairy\u2122<\/a> para ayudar a asignar sus diversos n\u00fameros y balancear con que, y cuanto se queda cada parte, justo y cuadrado, reduciendo costos de ventas e impuestos.<\/li>\n<\/ul>\n<\/li>\n\n\n\n<li>\u00bfComo uso a SquareFairy para llenar mis papeles de divorcio?\n<ul class=\"wp-block-list\">\n<li>Vea la pagina de <a href=\"https:\/\/squarefairy.com\/es\/start-divorce\">Como funciona<\/a> o nuestro <a href=\"https:\/\/www.youtube.com\/channel\/UCXOo7y6ig91komGfWycZ1ug\">Canal de YouTube<\/a>.<\/li>\n<\/ul>\n<\/li>\n\n\n\n<li><a href=\"https:\/\/blog.squarefairy.com\/es\/faq\/how-do-i-invite-my-spouse-to-squarefairy\/\">Invite a su c\u00f3nyuge<\/a> a SquareFairy y comparta la informaci\u00f3n que ya proporciono.<\/li>\n\n\n\n<li><a href=\"https:\/\/blog.squarefairy.com\/es\/faq\/service-disruptions\/\">\u00bfEst\u00e1 ca\u00eddo el servicio<\/a>? Tengo problemas para iniciar sesi\u00f3n o usarlo.<\/li>\n<\/ul>\n\n\n\n<h3 class=\"wp-block-heading\" id=\"h-splitfairy\">SplitFairy<\/h3>\n\n\n\n<ul class=\"wp-block-list\">\n<li>\u00bfC\u00f3mo uso SplitFairy para ayudar a dividir nuestros bienes mancomunados?\n<ul class=\"wp-block-list\">\n<li>Consulte la p\u00e1gina <a href=\"https:\/\/squarefairy.com\/es\/divorce-property-split\">Calculadora de divisi\u00f3n de bienes de SplitFairy<\/a> y\/o <a href=\"https:\/\/www.youtube.com\/watch?v=ResdC6ScYW8\">el video<\/a>.<\/li>\n<\/ul>\n<\/li>\n\n\n\n<li>\u00bfFunciona para cualquier estado o pa\u00eds?\n<ul class=\"wp-block-list\">\n<li>S\u00ed y No. <a href=\"https:\/\/squarefairy.com\/es\/divorce-property-split\">SplitFairy<\/a> usa su estimaci\u00f3n con base en impuestos sobre la renta que resultan de la venta de algunos art\u00edculos, como su casa o inversiones en acciones. Si su estado\/pa\u00eds tiene impuestos significativamente diferentes a los de <a href=\"https:\/\/blog.squarefairy.com\/es\/faq\/california\/\">California<\/a>har\u00e1 estimaciones incorrectas y eso afectar\u00e1 las decisiones que pueda recomendarle. Si no est\u00e1 vendiendo art\u00edculos, o no se le recomienda vender art\u00edculos, deber\u00eda funcionar bien.<\/li>\n\n\n\n<li>Consulte las leyes de su Estado sobre lo que se considera <a href=\"https:\/\/blog.squarefairy.com\/es\/2020\/04\/20\/what-is-community-property\/\">bienes mancomunados<\/a> o bienes separados.\n<ul class=\"wp-block-list\">\n<li>California <a href=\"https:\/\/blog.squarefairy.com\/es\/2021\/03\/07\/community-property-in-california\/\">bienes mancomunados<\/a> rules.<\/li>\n<\/ul>\n<\/li>\n<\/ul>\n<\/li>\n<\/ul>\n\n\n\n<h3 class=\"wp-block-heading\" id=\"h-divorce-process-in-your-state\">Divorce Process in Your State<\/h3>\n\n\n\n<ul class=\"wp-block-list\">\n<li><a href=\"https:\/\/blog.squarefairy.com\/es\/faq\/california\/\">California<\/a><\/li>\n\n\n\n<li>Lo sentimos, no contamos con apoyo para otros Estados por ahora para llenar papeles de divorcio. Es bienvenido a presionar el bot\u00f3n <span style=\"color:white;background-color:blue\">?<\/span> en el sitio para informarnos que quiere nuestros servicios en su estado.\n<ul class=\"wp-block-list\">\n<li>Usted PUEDE usar a <a href=\"https:\/\/squarefairy.com\/es\/divorce-property-split\">SplitFairy<\/a> para ayudar a dividir sus bienes mancomunados, independientemente del Estado (territorio) en el que se encuentre, aunque algunos de los impuestos estimados (por impuestos sobre la renta) pueden ser err\u00f3neos.  <\/li>\n<\/ul>\n<\/li>\n<\/ul>\n\n\n\n<h3 class=\"wp-block-heading\" id=\"h-children-child-support\">Children \/ Child Support<\/h3>\n\n\n\n<ul class=\"wp-block-list\">\n<li><a href=\"https:\/\/squarefairy.com\/divorce\/child-support-calculator\">Calcular Manutenci\u00f3n Infantil<\/a><\/li>\n\n\n\n<li><a href=\"https:\/\/blog.squarefairy.com\/es\/faq\/child-support-questions\/calculate-the-percent-of-time-spent-with-children-for-child-support\/\">Determinar el porcentaje de tiempo con sus hijos<\/a><\/li>\n<\/ul>\n\n\n\n<p><\/p>\n\n\n\n<p><\/p>","protected":false},"excerpt":{"rendered":"<p>(Preguntas frecuentes en espa\u00f1ol) SquareFairy SplitFairy Divorce Process in Your State Children \/ Child Support<\/p>","protected":false},"author":8,"featured_media":0,"parent":0,"menu_order":9,"comment_status":"closed","ping_status":"closed","template":"","meta":{"_monsterinsights_skip_tracking":false,"_monsterinsights_sitenote_active":false,"_monsterinsights_sitenote_note":"","_monsterinsights_sitenote_category":0,"footnotes":""},"class_list":["post-1204","page","type-page","status-publish","hentry"],"yoast_head":"<!-- This site is optimized with the Yoast SEO Premium plugin v27.3 (Yoast SEO v27.3) - https:\/\/yoast.com\/product\/yoast-seo-premium-wordpress\/ -->\n<title>Frequently Asked Questions - SquareFairy Blog<\/title>\n<meta name=\"description\" content=\"Frequently Asked Questions about SquareFairy, the divorce process in your state, marriage counseling, and moving forward in your life.\" \/>\n<meta name=\"robots\" content=\"index, follow, max-snippet:-1, max-image-preview:large, max-video-preview:-1\" \/>\n<link rel=\"canonical\" href=\"https:\/\/blog.squarefairy.com\/es\/faq\/\" \/>\n<meta property=\"og:locale\" content=\"es_ES\" \/>\n<meta property=\"og:type\" content=\"article\" \/>\n<meta property=\"og:title\" content=\"Frequently Asked Questions\" \/>\n<meta property=\"og:description\" content=\"Frequently Asked Questions about SquareFairy, the divorce process in your state, marriage counseling, and moving forward in your life.\" \/>\n<meta property=\"og:url\" content=\"https:\/\/blog.squarefairy.com\/es\/faq\/\" \/>\n<meta property=\"og:site_name\" content=\"SquareFairy Blog\" \/>\n<meta property=\"article:publisher\" content=\"https:\/\/www.facebook.com\/SquareFairy\" \/>\n<meta property=\"article:modified_time\" content=\"2025-07-31T15:28:08+00:00\" \/>\n<meta name=\"twitter:card\" content=\"summary_large_image\" \/>\n<meta name=\"twitter:site\" content=\"@SquareFairy\" \/>\n<meta name=\"twitter:label1\" content=\"Tiempo de lectura\" \/>\n\t<meta name=\"twitter:data1\" content=\"2 minutos\" \/>\n<script type=\"application\/ld+json\" class=\"yoast-schema-graph\">{\"@context\":\"https:\\\/\\\/schema.org\",\"@graph\":[{\"@type\":\"WebPage\",\"@id\":\"https:\\\/\\\/blog.squarefairy.com\\\/faq\\\/\",\"url\":\"https:\\\/\\\/blog.squarefairy.com\\\/faq\\\/\",\"name\":\"Frequently Asked Questions - SquareFairy Blog\",\"isPartOf\":{\"@id\":\"https:\\\/\\\/blog.squarefairy.com\\\/#website\"},\"datePublished\":\"2021-08-23T18:54:34+00:00\",\"dateModified\":\"2025-07-31T15:28:08+00:00\",\"description\":\"Frequently Asked Questions about SquareFairy, the divorce process in your state, marriage counseling, and moving forward in your life.\",\"breadcrumb\":{\"@id\":\"https:\\\/\\\/blog.squarefairy.com\\\/faq\\\/#breadcrumb\"},\"inLanguage\":\"es\",\"potentialAction\":[{\"@type\":\"ReadAction\",\"target\":[\"https:\\\/\\\/blog.squarefairy.com\\\/faq\\\/\"]}]},{\"@type\":\"BreadcrumbList\",\"@id\":\"https:\\\/\\\/blog.squarefairy.com\\\/faq\\\/#breadcrumb\",\"itemListElement\":[{\"@type\":\"ListItem\",\"position\":1,\"name\":\"SquareFairy Blog Home\",\"item\":\"https:\\\/\\\/blog.squarefairy.com\\\/\"},{\"@type\":\"ListItem\",\"position\":2,\"name\":\"Frequently Asked Questions\"}]},{\"@type\":\"WebSite\",\"@id\":\"https:\\\/\\\/blog.squarefairy.com\\\/#website\",\"url\":\"https:\\\/\\\/blog.squarefairy.com\\\/\",\"name\":\"SquareFairy Blog\",\"description\":\"\",\"publisher\":{\"@id\":\"https:\\\/\\\/blog.squarefairy.com\\\/#organization\"},\"potentialAction\":[{\"@type\":\"SearchAction\",\"target\":{\"@type\":\"EntryPoint\",\"urlTemplate\":\"https:\\\/\\\/blog.squarefairy.com\\\/?s={search_term_string}\"},\"query-input\":{\"@type\":\"PropertyValueSpecification\",\"valueRequired\":true,\"valueName\":\"search_term_string\"}}],\"inLanguage\":\"es\"},{\"@type\":\"Organization\",\"@id\":\"https:\\\/\\\/blog.squarefairy.com\\\/#organization\",\"name\":\"SquareFairy\",\"url\":\"https:\\\/\\\/blog.squarefairy.com\\\/\",\"logo\":{\"@type\":\"ImageObject\",\"inLanguage\":\"es\",\"@id\":\"https:\\\/\\\/blog.squarefairy.com\\\/#\\\/schema\\\/logo\\\/image\\\/\",\"url\":\"https:\\\/\\\/blog.squarefairy.com\\\/wp-content\\\/uploads\\\/2020\\\/12\\\/logo_SquareFairy.png\",\"contentUrl\":\"https:\\\/\\\/blog.squarefairy.com\\\/wp-content\\\/uploads\\\/2020\\\/12\\\/logo_SquareFairy.png\",\"width\":1000,\"height\":300,\"caption\":\"SquareFairy\"},\"image\":{\"@id\":\"https:\\\/\\\/blog.squarefairy.com\\\/#\\\/schema\\\/logo\\\/image\\\/\"},\"sameAs\":[\"https:\\\/\\\/www.facebook.com\\\/SquareFairy\",\"https:\\\/\\\/x.com\\\/SquareFairy\"]}]}<\/script>\n<!-- \/ Yoast SEO Premium plugin. -->","yoast_head_json":{"title":"Frequently Asked Questions - SquareFairy Blog","description":"Frequently Asked Questions about SquareFairy, the divorce process in your state, marriage counseling, and moving forward in your life.","robots":{"index":"index","follow":"follow","max-snippet":"max-snippet:-1","max-image-preview":"max-image-preview:large","max-video-preview":"max-video-preview:-1"},"canonical":"https:\/\/blog.squarefairy.com\/es\/faq\/","og_locale":"es_ES","og_type":"article","og_title":"Frequently Asked Questions","og_description":"Frequently Asked Questions about SquareFairy, the divorce process in your state, marriage counseling, and moving forward in your life.","og_url":"https:\/\/blog.squarefairy.com\/es\/faq\/","og_site_name":"SquareFairy Blog","article_publisher":"https:\/\/www.facebook.com\/SquareFairy","article_modified_time":"2025-07-31T15:28:08+00:00","twitter_card":"summary_large_image","twitter_site":"@SquareFairy","twitter_misc":{"Tiempo de lectura":"2 minutos"},"schema":{"@context":"https:\/\/schema.org","@graph":[{"@type":"WebPage","@id":"https:\/\/blog.squarefairy.com\/faq\/","url":"https:\/\/blog.squarefairy.com\/faq\/","name":"Frequently Asked Questions - SquareFairy Blog","isPartOf":{"@id":"https:\/\/blog.squarefairy.com\/#website"},"datePublished":"2021-08-23T18:54:34+00:00","dateModified":"2025-07-31T15:28:08+00:00","description":"Frequently Asked Questions about SquareFairy, the divorce process in your state, marriage counseling, and moving forward in your life.","breadcrumb":{"@id":"https:\/\/blog.squarefairy.com\/faq\/#breadcrumb"},"inLanguage":"es","potentialAction":[{"@type":"ReadAction","target":["https:\/\/blog.squarefairy.com\/faq\/"]}]},{"@type":"BreadcrumbList","@id":"https:\/\/blog.squarefairy.com\/faq\/#breadcrumb","itemListElement":[{"@type":"ListItem","position":1,"name":"SquareFairy Blog Home","item":"https:\/\/blog.squarefairy.com\/"},{"@type":"ListItem","position":2,"name":"Frequently Asked Questions"}]},{"@type":"WebSite","@id":"https:\/\/blog.squarefairy.com\/#website","url":"https:\/\/blog.squarefairy.com\/","name":"SquareFairy Blog","description":"","publisher":{"@id":"https:\/\/blog.squarefairy.com\/#organization"},"potentialAction":[{"@type":"SearchAction","target":{"@type":"EntryPoint","urlTemplate":"https:\/\/blog.squarefairy.com\/?s={search_term_string}"},"query-input":{"@type":"PropertyValueSpecification","valueRequired":true,"valueName":"search_term_string"}}],"inLanguage":"es"},{"@type":"Organization","@id":"https:\/\/blog.squarefairy.com\/#organization","name":"SquareFairy","url":"https:\/\/blog.squarefairy.com\/","logo":{"@type":"ImageObject","inLanguage":"es","@id":"https:\/\/blog.squarefairy.com\/#\/schema\/logo\/image\/","url":"https:\/\/blog.squarefairy.com\/wp-content\/uploads\/2020\/12\/logo_SquareFairy.png","contentUrl":"https:\/\/blog.squarefairy.com\/wp-content\/uploads\/2020\/12\/logo_SquareFairy.png","width":1000,"height":300,"caption":"SquareFairy"},"image":{"@id":"https:\/\/blog.squarefairy.com\/#\/schema\/logo\/image\/"},"sameAs":["https:\/\/www.facebook.com\/SquareFairy","https:\/\/x.com\/SquareFairy"]}]}},"_links":{"self":[{"href":"https:\/\/blog.squarefairy.com\/es\/wp-json\/wp\/v2\/pages\/1204","targetHints":{"allow":["GET"]}}],"collection":[{"href":"https:\/\/blog.squarefairy.com\/es\/wp-json\/wp\/v2\/pages"}],"about":[{"href":"https:\/\/blog.squarefairy.com\/es\/wp-json\/wp\/v2\/types\/page"}],"author":[{"embeddable":true,"href":"https:\/\/blog.squarefairy.com\/es\/wp-json\/wp\/v2\/users\/8"}],"replies":[{"embeddable":true,"href":"https:\/\/blog.squarefairy.com\/es\/wp-json\/wp\/v2\/comments?post=1204"}],"version-history":[{"count":20,"href":"https:\/\/blog.squarefairy.com\/es\/wp-json\/wp\/v2\/pages\/1204\/revisions"}],"predecessor-version":[{"id":2298,"href":"https:\/\/blog.squarefairy.com\/es\/wp-json\/wp\/v2\/pages\/1204\/revisions\/2298"}],"wp:attachment":[{"href":"https:\/\/blog.squarefairy.com\/es\/wp-json\/wp\/v2\/media?parent=1204"}],"curies":[{"name":"wp","href":"https:\/\/api.w.org\/{rel}","templated":true}]}}